{"id":1313,"date":"2024-01-03T12:25:43","date_gmt":"2024-01-03T11:25:43","guid":{"rendered":"https:\/\/www.hvv-bramsche.de\/heimatverein\/?page_id=1313"},"modified":"2025-01-24T16:14:26","modified_gmt":"2025-01-24T15:14:26","slug":"berichte-2024","status":"publish","type":"page","link":"https:\/\/www.hvv-bramsche.de\/heimatverein\/berichte-des-vereins\/berichte-2024\/","title":{"rendered":"Berichte 2024"},"content":{"rendered":"<h2>St\u00e4dtefahrt 2024 nach Hengelo<\/h2>\n<p>Mit 36 Teilnehmern wurde unter der Leitung von Carmen Berkelie am <strong>25. Mai<\/strong> die St\u00e4dtefahrt durchgef\u00fchrt, die ins niederl\u00e4ndische <strong>Hengelo<\/strong> f\u00fchrte. Hengelo war fr\u00fcher \u00fcr seine gro\u00dfen Spinnereien und Webereien bekannt. So wurde in der \u201eTrijpweberei\u201c ein exklusiver Samtstoff hergestellt. In dem vor Ort gewebten Stoff wurden mit Dampf Muster in die Oberfl\u00e4che eingewalzt. Das war ein sehr aufw\u00e4ndiger und zeitraubender Prozess. Die ausgefallenen Stoffe wurden gern zur Dekoration von repr\u00e4sentativen R\u00e4umlichkeiten angekauft, z. B. f\u00fcr den Friedenspalast in Berlin oder f\u00fcr den Luxusliner \u201aTitanic\u2018. Im Oyfo Techniek Museum konnte diese Produktion vorgestellt werden. Anschlie\u00dfend ging es zu Kaffee und Kuchen ins angrenzende Restaurant \u201ede Lust\u201c. P\u00fcnktlich um 19.00 Uhr erreichten die Heimatfreunde Bramsche. Ein gelungener St\u00e4dtetripp, der bei herrlichem Wetter stattfand.<\/p>\n<p>\t\t\t\t\t\t\t\t\t\t\t\t\t\t\t<img fetchpriority=\"high\" decoding=\"async\" width=\"1024\" height=\"698\" src=\"https:\/\/www.hvv-bramsche.de\/heimatverein\/wp-content\/uploads\/2024\/06\/Teilnehmer-Hengelo-Fahrt-1024x698.jpg\" alt=\"\" srcset=\"https:\/\/www.hvv-bramsche.de\/heimatverein\/wp-content\/uploads\/2024\/06\/Teilnehmer-Hengelo-Fahrt-1024x698.jpg 1024w, https:\/\/www.hvv-bramsche.de\/heimatverein\/wp-content\/uploads\/2024\/06\/Teilnehmer-Hengelo-Fahrt-300x205.jpg 300w, https:\/\/www.hvv-bramsche.de\/heimatverein\/wp-content\/uploads\/2024\/06\/Teilnehmer-Hengelo-Fahrt-768x524.jpg 768w, https:\/\/www.hvv-bramsche.de\/heimatverein\/wp-content\/uploads\/2024\/06\/Teilnehmer-Hengelo-Fahrt-1536x1047.jpg 1536w, https:\/\/www.hvv-bramsche.de\/heimatverein\/wp-content\/uploads\/2024\/06\/Teilnehmer-Hengelo-Fahrt-2048x1396.jpg 2048w\" sizes=\"(max-width: 1024px) 100vw, 1024px\" \/>\t\t\t\t\t\t\t\t\t\t\t\t\t\t\t<\/p>\n<p style=\"text-align: center;\"><em>Die Reisegruppe im Museum<\/em><\/p>\n<h2>Studienfahrt nach L\u00fcdinghausen<\/h2>\n<p>Die diesj\u00e4hrige Studienfahrt f\u00fchrte im September bei herrlichem Ausflugswetter Mitglieder und Freunde des Heimat- und Verkehrsvereins Bramsche in die Burgenstadt L\u00fcdinghausen ins s\u00fcdliche M\u00fcnsterland. Es begann mit einer F\u00fchrung durch den Ortskern von L\u00fcdinghausen, beginnend im nassen Zentrum der ehemaligen Kreisstadt, einer auch f\u00fcr Veranstaltungen genutzten Fl\u00e4che unterhalb der ehemaligen Borgm\u00fchle, durchflossen von der M\u00fchlenstever. In der F\u00fchrung wurde deutlich, dass das Wachstum der Stadt durch die best\u00e4ndigen Wasserzufl\u00fcsse aus den wasserreichen Baumbergen und den h\u00e4ufigen \u00dcberschwemmungen das zu besiedelnde Areal lange Zeit begrenzte.<\/p>\n<p>N\u00e4chster Punkt war die Burg L\u00fcdinghausen, die f\u00fcr das Domkapitel des Bistums M\u00fcnster als Amtshaus auch wichtiger Versammlungsort war und auch als Ort f\u00fcr die Wahl eines Bischofs von M\u00fcnster diente. Die eine H\u00e4lfte der Burg zeigt noch Renaissance-Architektur, der andere Teil wurde im 19. Jahrhundert ersetzt. Eine dritte Burg, Wolfberg, ist im Stadtgel\u00e4nde nur noch kaum sichtbar erhalten. In vergangenen Zeiten soll L\u00fcdinghausren insgesamt neun Burgen besessen haben.<\/p>\n<p>Nach einem Rundgang durch das Zentrum und der Besichtigung der St. Felizitas-Kirche, einer sp\u00e4tgotischen Kirche aus dem 16. Jahrhundert, die mit 7,42 Meter Durchmesser die zwei umfangreichsten Turmfeiler einer gotischen Kirche in ganz Europa enth\u00e4lt, endete die interessante F\u00fchrung am Marktplatz.<\/p>\n<p>Gegen Mittag wanderte man bzw. fuhr mit dem Bus zur etwas au\u00dferhalb liegenden Burg Vischering, einem Wahrzeichen des M\u00fcnsterlandes. Die rund angelegte, nach einem Brand im 16. Jahrhundert neu aufgebaute und bis heute in ihrer Wehrhaftigkeit weitgehend erhaltene Wasserburg mit verschieden Au\u00dfenanlagen konnte bei herrlichem Sonnenschein von au\u00dfen sowie auch im Inneren mit einer kleinen Ausstellung besichtigt werden.<\/p>\n<p>Anschlie\u00dfend ging die kurze Fahrt zum an einem stillgelegten Arm des Dortmund-Ems-Kanals gelegenen Gasthaus Peters im Ortsteil Seppenrade, in dem die Gruppe zu aller Zufriedenheit ihr Mittagessen einnahm.<\/p>\n<p>Danach schlo\u00df sich im selben Ortsteil bei weiterhin strahlender Sonne der Besuch des Rosengartens an, einem gro\u00dfen Gel\u00e4nde, dessen Anlage und Betreuung durch den \u00f6rtlichen Heimatverein gew\u00e4hrleistet wird. Anschlie\u00dfend ging es zu Fu\u00df zu Naundrups Hof, wo eine Kaffetafel auf die Reisegruppe wartete.<\/p>\n<p>Nach erfolgter St\u00e4rkung ging es auf die R\u00fcckfahrt. Mit zufriedenen Teilnehmern wurde gegen halb sieben Bramsche erreicht.<\/p>\n<p style=\"text-align: right;\">Gerhard M\u00fcller<\/p>\n<figure>\n\t\t\t\t\t\t\t\t\t\t<img decoding=\"async\" width=\"768\" height=\"421\" src=\"https:\/\/www.hvv-bramsche.de\/heimatverein\/wp-content\/uploads\/2024\/10\/Burg-Luedinghausen-768x421.jpg\" alt=\"\" srcset=\"https:\/\/www.hvv-bramsche.de\/heimatverein\/wp-content\/uploads\/2024\/10\/Burg-Luedinghausen-768x421.jpg 768w, https:\/\/www.hvv-bramsche.de\/heimatverein\/wp-content\/uploads\/2024\/10\/Burg-Luedinghausen-300x164.jpg 300w, https:\/\/www.hvv-bramsche.de\/heimatverein\/wp-content\/uploads\/2024\/10\/Burg-Luedinghausen-1024x561.jpg 1024w, https:\/\/www.hvv-bramsche.de\/heimatverein\/wp-content\/uploads\/2024\/10\/Burg-Luedinghausen-1536x842.jpg 1536w, https:\/\/www.hvv-bramsche.de\/heimatverein\/wp-content\/uploads\/2024\/10\/Burg-Luedinghausen-2048x1123.jpg 2048w\" sizes=\"(max-width: 768px) 100vw, 768px\" \/><figcaption>Burg L\u00fcdinghausen<\/figcaption><\/figure>\n<figure>\n\t\t\t\t\t\t\t\t\t\t<img decoding=\"async\" width=\"768\" height=\"527\" src=\"https:\/\/www.hvv-bramsche.de\/heimatverein\/wp-content\/uploads\/2024\/10\/Burg-Vischering-Hauptburg-768x527.jpg\" alt=\"\" srcset=\"https:\/\/www.hvv-bramsche.de\/heimatverein\/wp-content\/uploads\/2024\/10\/Burg-Vischering-Hauptburg-768x527.jpg 768w, https:\/\/www.hvv-bramsche.de\/heimatverein\/wp-content\/uploads\/2024\/10\/Burg-Vischering-Hauptburg-300x206.jpg 300w, https:\/\/www.hvv-bramsche.de\/heimatverein\/wp-content\/uploads\/2024\/10\/Burg-Vischering-Hauptburg-1024x702.jpg 1024w, https:\/\/www.hvv-bramsche.de\/heimatverein\/wp-content\/uploads\/2024\/10\/Burg-Vischering-Hauptburg-1536x1053.jpg 1536w, https:\/\/www.hvv-bramsche.de\/heimatverein\/wp-content\/uploads\/2024\/10\/Burg-Vischering-Hauptburg-2048x1404.jpg 2048w\" sizes=\"(max-width: 768px) 100vw, 768px\" \/><figcaption>Burg Vischering<\/figcaption><\/figure>\n<figure>\n\t\t\t\t\t\t\t\t\t\t<img loading=\"lazy\" decoding=\"async\" width=\"1024\" height=\"425\" src=\"https:\/\/www.hvv-bramsche.de\/heimatverein\/wp-content\/uploads\/2024\/10\/im-Rosengarten-1024x425.jpg\" alt=\"\" srcset=\"https:\/\/www.hvv-bramsche.de\/heimatverein\/wp-content\/uploads\/2024\/10\/im-Rosengarten-1024x425.jpg 1024w, https:\/\/www.hvv-bramsche.de\/heimatverein\/wp-content\/uploads\/2024\/10\/im-Rosengarten-300x124.jpg 300w, https:\/\/www.hvv-bramsche.de\/heimatverein\/wp-content\/uploads\/2024\/10\/im-Rosengarten-768x319.jpg 768w, https:\/\/www.hvv-bramsche.de\/heimatverein\/wp-content\/uploads\/2024\/10\/im-Rosengarten-1536x637.jpg 1536w, https:\/\/www.hvv-bramsche.de\/heimatverein\/wp-content\/uploads\/2024\/10\/im-Rosengarten-2048x850.jpg 2048w\" sizes=\"(max-width: 1024px) 100vw, 1024px\" \/><figcaption>Im Rosengarten<\/figcaption><\/figure>\n","protected":false},"excerpt":{"rendered":"<p>St\u00e4dtefahrt 2024 nach Hengelo Mit 36 Teilnehmern wurde unter der Leitung von Carmen Berkelie am 25. Mai die St\u00e4dtefahrt durchgef\u00fchrt, die ins niederl\u00e4ndische Hengelo f\u00fchrte. Hengelo war fr\u00fcher \u00fcr seine gro\u00dfen Spinnereien und Webereien bekannt. So wurde in der \u201eTrijpweberei\u201c ein exklusiver Samtstoff hergestellt. In dem vor Ort gewebten Stoff wurden mit Dampf Muster in &#8230; <a title=\"Berichte 2024\" class=\"read-more\" href=\"https:\/\/www.hvv-bramsche.de\/heimatverein\/berichte-des-vereins\/berichte-2024\/\" aria-label=\"Mehr Informationen \u00fcber Berichte 2024\">Weiterlesen<\/a><\/p>\n","protected":false},"author":2,"featured_media":0,"parent":36,"menu_order":0,"comment_status":"closed","ping_status":"closed","template":"","meta":{"footnotes":""},"class_list":["post-1313","page","type-page","status-publish"],"_links":{"self":[{"href":"https:\/\/www.hvv-bramsche.de\/heimatverein\/wp-json\/wp\/v2\/pages\/1313","targetHints":{"allow":["GET"]}}],"collection":[{"href":"https:\/\/www.hvv-bramsche.de\/heimatverein\/wp-json\/wp\/v2\/pages"}],"about":[{"href":"https:\/\/www.hvv-bramsche.de\/heimatverein\/wp-json\/wp\/v2\/types\/page"}],"author":[{"embeddable":true,"href":"https:\/\/www.hvv-bramsche.de\/heimatverein\/wp-json\/wp\/v2\/users\/2"}],"replies":[{"embeddable":true,"href":"https:\/\/www.hvv-bramsche.de\/heimatverein\/wp-json\/wp\/v2\/comments?post=1313"}],"version-history":[{"count":13,"href":"https:\/\/www.hvv-bramsche.de\/heimatverein\/wp-json\/wp\/v2\/pages\/1313\/revisions"}],"predecessor-version":[{"id":1600,"href":"https:\/\/www.hvv-bramsche.de\/heimatverein\/wp-json\/wp\/v2\/pages\/1313\/revisions\/1600"}],"up":[{"embeddable":true,"href":"https:\/\/www.hvv-bramsche.de\/heimatverein\/wp-json\/wp\/v2\/pages\/36"}],"wp:attachment":[{"href":"https:\/\/www.hvv-bramsche.de\/heimatverein\/wp-json\/wp\/v2\/media?parent=1313"}],"curies":[{"name":"wp","href":"https:\/\/api.w.org\/{rel}","templated":true}]}}